{"id":250,"date":"2023-12-07T15:21:52","date_gmt":"2023-12-07T14:21:52","guid":{"rendered":"https:\/\/berlionfingerboard.com\/?page_id=250"},"modified":"2025-08-03T23:25:47","modified_gmt":"2025-08-03T21:25:47","slug":"tienda-comprar-finger-skate-profesional-madera","status":"publish","type":"page","link":"https:\/\/berlionfingerboard.com\/en\/tienda-comprar-finger-skate-profesional-madera","title":{"rendered":"Tienda"},"content":{"rendered":"<p>[et_pb_section fb_built=\u00bb1&#8243; custom_padding_last_edited=\u00bboff|desktop\u00bb next_background_color=\u00bb#ffffff\u00bb admin_label=\u00bbHeader Section\u00bb _builder_version=\u00bb4.23.1&#8243; use_background_color_gradient=\u00bbon\u00bb background_color_gradient_stops=\u00bb#ffffff 40%|rgba(255,255,255,0) 100%\u00bb background_color_gradient_overlays_image=\u00bbon\u00bb background_color_gradient_start=\u00bb#ffffff\u00bb background_color_gradient_start_position=\u00bb40%\u00bb background_color_gradient_end=\u00bbrgba(255,255,255,0)\u00bb background_image=\u00bbhttps:\/\/berlionfingerboard.com\/wp-content\/uploads\/2023\/08\/DSC_0605-scaled.jpg\u00bb background_position=\u00bbbottom_center\u00bb custom_padding=\u00bb1%|0px|16%|0px||\u00bb custom_padding_tablet=\u00bb320px|0px|0px|0px\u00bb bottom_divider_style=\u00bbslant2&#8243; global_colors_info=\u00bb{}\u00bb][et_pb_row admin_label=\u00bbHeader Row\u00bb _builder_version=\u00bb4.16&#8243; global_colors_info=\u00bb{}\u00bb][et_pb_column type=\u00bb4_4&#8243; _builder_version=\u00bb4.16&#8243; custom_padding=\u00bb|||\u00bb global_colors_info=\u00bb{}\u00bb custom_padding__hover=\u00bb|||\u00bb][et_pb_text _builder_version=\u00bb4.23.1&#8243; text_font=\u00bbKodchasan|600|||||||\u00bb text_font_size=\u00bb16px\u00bb text_line_height=\u00bb1.8em\u00bb header_font=\u00bbhanson bold|||on|||||\u00bb header_font_size=\u00bb60px\u00bb header_letter_spacing=\u00bb5px\u00bb header_line_height=\u00bb1.4em\u00bb text_orientation=\u00bbcenter\u00bb max_width=\u00bb700px\u00bb module_alignment=\u00bbcenter\u00bb animation_style=\u00bbfade\u00bb global_colors_info=\u00bb{}\u00bb]<\/p>\n<h1>FINGERBOARD SHOP<\/h1>\n<p><span><\/span><\/p>\n<p><span>Level up your fingerboarding. Discover premium fingerboards, precision parts, and ramps that push your limits.\nEverything you need to ride, create, and dominate \u2014 all in one place.<\/span><\/p>\n<p>[\/et_pb_text][\/et_pb_column][\/et_pb_row][\/et_pb_section][et_pb_section fb_built=\u00bb1&#8243; admin_label=\u00bbProducts Section\u00bb module_id=\u00bbTIENDAFINGERBOARDCOMPLETOMEDIO\u00bb _builder_version=\u00bb4.23.1&#8243; custom_padding=\u00bb0px|0px|0px|6px||\u00bb locked=\u00bboff\u00bb global_colors_info=\u00bb{}\u00bb][et_pb_row admin_label=\u00bbContact Us Row\u00bb _builder_version=\u00bb4.16&#8243; locked=\u00bboff\u00bb global_colors_info=\u00bb{}\u00bb][et_pb_column type=\u00bb4_4&#8243; _builder_version=\u00bb4.16&#8243; custom_padding=\u00bb|||\u00bb global_colors_info=\u00bb{}\u00bb custom_padding__hover=\u00bb|||\u00bb][et_pb_text _builder_version=\u00bb4.23.1&#8243; text_font=\u00bbKodchasan|600|||||||\u00bb text_font_size=\u00bb16px\u00bb text_line_height=\u00bb1.8em\u00bb header_font=\u00bb||||||||\u00bb header_2_font=\u00bbhansonboldi|||on|||||\u00bb header_2_font_size=\u00bb44px\u00bb header_2_letter_spacing=\u00bb2px\u00bb header_2_line_height=\u00bb1.4em\u00bb text_orientation=\u00bbcenter\u00bb max_width=\u00bb600px\u00bb module_alignment=\u00bbcenter\u00bb custom_margin=\u00bb40px|||\u00bb custom_margin_tablet=\u00bb0px|||\u00bb custom_margin_phone=\u00bb|||\u00bb custom_margin_last_edited=\u00bbon|phone\u00bb header_2_font_tablet=\u00bbhansonboldi|||on|||||\u00bb header_2_font_phone=\u00bbhansonboldi|||on|||||\u00bb header_2_font_last_edited=\u00bbon|phone\u00bb header_2_font_size_tablet=\u00bb45px\u00bb header_2_font_size_phone=\u00bb29px\u00bb header_2_font_size_last_edited=\u00bbon|phone\u00bb header_2_letter_spacing_tablet=\u00bb2px\u00bb header_2_letter_spacing_phone=\u00bb2px\u00bb header_2_letter_spacing_last_edited=\u00bbon|desktop\u00bb global_colors_info=\u00bb{}\u00bb]<\/p>\n<h2>Low Concave Fingerboards<\/h2>\n<p><span>Low concave fingerboards feature a slightly curved shape on the nose and tail. Perfect for beginners and technical riders, they offer extra control without being too steep. Ideal for learning basic tricks more easily and progressing with comfort and precision.<\/span><\/p>\n<p>[\/et_pb_text][\/et_pb_column][\/et_pb_row][et_pb_row admin_label=\u00bbProducts Row\u00bb _builder_version=\u00bb4.23.1&#8243; global_colors_info=\u00bb{}\u00bb][et_pb_column type=\u00bb4_4&#8243; _builder_version=\u00bb4.23.1&#8243; custom_padding=\u00bb|||\u00bb global_colors_info=\u00bb{}\u00bb custom_padding__hover=\u00bb|||\u00bb][et_pb_shop type=\u00bbproduct_category\u00bb posts_number=\u00bb6&#8243; show_pagination=\u00bbon\u00bb include_categories=\u00bb34&#8243; columns_number=\u00bb3&#8243; orderby=\u00bbmenu_order\u00bb icon_hover_color=\u00bb#000000&#8243; admin_label=\u00bbProducts\u00bb _builder_version=\u00bb4.23.1&#8243; title_font=\u00bbhansonboldi|||on|||||\u00bb title_font_size=\u00bb13px\u00bb title_line_height=\u00bb1.7em\u00bb price_font=\u00bbKodchasan|600|||||||\u00bb price_text_align=\u00bbcenter\u00bb price_line_height=\u00bb1.7em\u00bb rating_text_color=\u00bb#e7f100&#8243; text_orientation=\u00bbcenter\u00bb global_colors_info=\u00bb{}\u00bb][\/et_pb_shop][et_pb_text _builder_version=\u00bb4.23.1&#8243; text_font=\u00bbKodchasan|600|||||||\u00bb text_font_size=\u00bb16px\u00bb text_line_height=\u00bb1.8em\u00bb header_font=\u00bb||||||||\u00bb header_2_font=\u00bbhansonboldi|||on|||||\u00bb header_2_font_size=\u00bb44px\u00bb header_2_letter_spacing=\u00bb2px\u00bb header_2_line_height=\u00bb1.4em\u00bb text_orientation=\u00bbcenter\u00bb max_width=\u00bb600px\u00bb module_alignment=\u00bbcenter\u00bb custom_margin=\u00bb40px|||\u00bb custom_margin_tablet=\u00bb0px|||\u00bb custom_margin_phone=\u00bb|||\u00bb custom_margin_last_edited=\u00bbon|phone\u00bb header_2_font_tablet=\u00bbhansonboldi|||on|||||\u00bb header_2_font_phone=\u00bbhansonboldi|||on|||||\u00bb header_2_font_last_edited=\u00bbon|phone\u00bb header_2_font_size_tablet=\u00bb45px\u00bb header_2_font_size_phone=\u00bb29px\u00bb header_2_font_size_last_edited=\u00bbon|phone\u00bb header_2_letter_spacing_tablet=\u00bb2px\u00bb header_2_letter_spacing_phone=\u00bb2px\u00bb header_2_letter_spacing_last_edited=\u00bbon|desktop\u00bb locked=\u00bboff\u00bb global_colors_info=\u00bb{}\u00bb]<\/p>\n<h2>fingerboard concavidad media<\/h2>\n<p data-start=\"169\" data-end=\"477\">Nuestros fingerboards con <strong data-start=\"195\" data-end=\"215\">concavidad media<\/strong> est\u00e1n dise\u00f1ados para ofrecer el equilibrio perfecto entre control t\u00e9cnico y potencia en cada truco. Disponibles en modelos que van desde <strong data-start=\"353\" data-end=\"381\">32 mm a 36 mm de anchura<\/strong> y <strong data-start=\"384\" data-end=\"405\">96 mm de longitud<\/strong>, se adaptan a todo tipo de riders, desde principiantes hasta avanzados.<\/p>\n<p data-start=\"479\" data-end=\"785\">Gracias a su curvatura media, permiten una mayor <strong data-start=\"528\" data-end=\"554\">estabilidad al grindar<\/strong> y al mismo tiempo facilitan la ejecuci\u00f3n de <strong data-start=\"599\" data-end=\"626\">trucos altos y t\u00e9cnicos<\/strong>, como flips o impossibles. Cada fingerboard incluye nuestras nuevas <strong data-start=\"695\" data-end=\"708\">tapes 2.0<\/strong>, desarrolladas para ofrecer una <strong data-start=\"741\" data-end=\"784\">adherencia superior y mayor durabilidad<\/strong>.<\/p>\n<p data-start=\"787\" data-end=\"889\">Elige tu tama\u00f1o ideal, siente el pop mejorado y domina el spot.<br data-start=\"850\" data-end=\"853\" \/><strong data-start=\"853\" data-end=\"889\">Berlion \u2013 Pro gear, real tricks.<\/strong><\/p>\n<p>&nbsp;<\/p>\n<p>[\/et_pb_text][et_pb_shop type=\u00bbproduct_category\u00bb include_categories=\u00bb69&#8243; columns_number=\u00bb3&#8243; _builder_version=\u00bb4.23.1&#8243; _module_preset=\u00bbdefault\u00bb global_colors_info=\u00bb{}\u00bb locked=\u00bboff\u00bb][\/et_pb_shop][et_pb_text _builder_version=\u00bb4.23.1&#8243; text_font=\u00bbKodchasan|600|||||||\u00bb text_font_size=\u00bb16px\u00bb text_line_height=\u00bb1.8em\u00bb header_font=\u00bb||||||||\u00bb header_font_size=\u00bb44px\u00bb header_2_font=\u00bbhansonboldi|||on|||||\u00bb header_2_font_size=\u00bb44px\u00bb header_2_letter_spacing=\u00bb3px\u00bb header_2_line_height=\u00bb1.4em\u00bb text_orientation=\u00bbcenter\u00bb max_width=\u00bb600px\u00bb module_alignment=\u00bbcenter\u00bb custom_margin=\u00bb40px|||\u00bb custom_margin_tablet=\u00bb0px|||\u00bb custom_margin_phone=\u00bb|||\u00bb custom_margin_last_edited=\u00bbon|phone\u00bb header_2_font_size_tablet=\u00bb36px\u00bb header_2_font_size_phone=\u00bb29px\u00bb header_2_font_size_last_edited=\u00bbon|phone\u00bb locked=\u00bboff\u00bb global_colors_info=\u00bb{}\u00bb]<\/p>\n<h2>High Concave Fingerboards<\/h2>\n<p><span>Super high concave fingerboards feature a steeper curve on the deck, making it easier to generate more pop and reach greater height on tricks like ollies, kickflips, and more. Perfect for experienced riders looking to elevate their game with higher, more technical tricks<\/span><\/p>\n<p>[\/et_pb_text][\/et_pb_column][\/et_pb_row][et_pb_row _builder_version=\u00bb4.23.1&#8243; _module_preset=\u00bbdefault\u00bb global_colors_info=\u00bb{}\u00bb][et_pb_column type=\u00bb4_4&#8243; _builder_version=\u00bb4.23.1&#8243; _module_preset=\u00bbdefault\u00bb global_colors_info=\u00bb{}\u00bb][et_pb_shop type=\u00bbproduct_category\u00bb include_categories=\u00bb33&#8243; columns_number=\u00bb3&#8243; _builder_version=\u00bb4.23.1&#8243; _module_preset=\u00bbdefault\u00bb title_font=\u00bbhansonboldi||||||||\u00bb title_font_size=\u00bb13px\u00bb price_font=\u00bbKodchasan||||||||\u00bb rating_text_color=\u00bb#EDF000&#8243; global_colors_info=\u00bb{}\u00bb][\/et_pb_shop][et_pb_text _builder_version=\u00bb4.23.1&#8243; text_font=\u00bbKodchasan|600|||||||\u00bb text_font_size=\u00bb16px\u00bb text_line_height=\u00bb1.8em\u00bb header_font=\u00bb||||||||\u00bb header_font_size=\u00bb44px\u00bb header_2_font=\u00bbhansonboldi|||on|||||\u00bb header_2_font_size=\u00bb44px\u00bb header_2_letter_spacing=\u00bb3px\u00bb header_2_line_height=\u00bb1.4em\u00bb text_orientation=\u00bbcenter\u00bb max_width=\u00bb813px\u00bb module_alignment=\u00bbcenter\u00bb custom_margin=\u00bb40px|||207px||\u00bb custom_margin_tablet=\u00bb0px|||\u00bb custom_margin_phone=\u00bb|||\u00bb custom_margin_last_edited=\u00bbon|phone\u00bb header_2_font_size_tablet=\u00bb36px\u00bb header_2_font_size_phone=\u00bb29px\u00bb header_2_font_size_last_edited=\u00bbon|phone\u00bb locked=\u00bboff\u00bb global_colors_info=\u00bb{}\u00bb]<\/p>\n<h2>Rampas y Barandillas para Fingerboard Profesionales<\/h2>\n<p><span>Descubre nuestra colecci\u00f3n de <strong data-start=\"339\" data-end=\"380\">rampas y barandillas para fingerboard<\/strong> dise\u00f1adas para riders exigentes. Ya sea que busques un <strong data-start=\"436\" data-end=\"464\">rail de alto rendimiento<\/strong>, una <strong data-start=\"470\" data-end=\"484\">mini rampa, caj\u00f3n<\/strong>\u00a0o un <strong data-start=\"490\" data-end=\"517\">m\u00f3dulo de entrenamiento<\/strong>, aqu\u00ed encontrar\u00e1s accesorios fabricados con precisi\u00f3n y materiales de calidad. Mejora tus trucos, desliza con suavidad y lleva tu nivel al m\u00e1ximo con productos pensados para fingerboarders reales.<br data-start=\"714\" data-end=\"717\" \/>\ud83d\udef9 \u00a1Eleva tu setup con las mejores rampas y rails del mercado!<\/span><\/p>\n<p>[\/et_pb_text][\/et_pb_column][\/et_pb_row][et_pb_row _builder_version=\u00bb4.23.1&#8243; _module_preset=\u00bbdefault\u00bb global_colors_info=\u00bb{}\u00bb][et_pb_column type=\u00bb4_4&#8243; _builder_version=\u00bb4.23.1&#8243; _module_preset=\u00bbdefault\u00bb global_colors_info=\u00bb{}\u00bb][et_pb_shop type=\u00bbproduct_category\u00bb include_categories=\u00bb48&#8243; columns_number=\u00bb3&#8243; _builder_version=\u00bb4.23.1&#8243; _module_preset=\u00bbdefault\u00bb global_colors_info=\u00bb{}\u00bb][\/et_pb_shop][et_pb_text _builder_version=\u00bb4.23.1&#8243; text_font=\u00bbKodchasan|600|||||||\u00bb text_font_size=\u00bb16px\u00bb text_line_height=\u00bb1.8em\u00bb header_font=\u00bb||||||||\u00bb header_font_size=\u00bb44px\u00bb header_2_font=\u00bbhansonboldi|||on|||||\u00bb header_2_font_size=\u00bb44px\u00bb header_2_letter_spacing=\u00bb3px\u00bb header_2_line_height=\u00bb1.4em\u00bb text_orientation=\u00bbcenter\u00bb max_width=\u00bb813px\u00bb module_alignment=\u00bbcenter\u00bb custom_margin=\u00bb40px|||207px||\u00bb custom_margin_tablet=\u00bb0px|||\u00bb custom_margin_phone=\u00bb|||\u00bb custom_margin_last_edited=\u00bbon|phone\u00bb header_2_font_size_tablet=\u00bb36px\u00bb header_2_font_size_phone=\u00bb29px\u00bb header_2_font_size_last_edited=\u00bbon|phone\u00bb locked=\u00bboff\u00bb global_colors_info=\u00bb{}\u00bb]<\/p>\n<h2>Ejes y Trucks para Fingerboard pro<\/h2>\n<p>Encuentra los mejores <strong data-start=\"343\" data-end=\"368\">ejes para fingerboard<\/strong>, tambi\u00e9n conocidos como <strong data-start=\"393\" data-end=\"403\">trucks<\/strong>, dise\u00f1ados para ofrecerte control, estabilidad y estilo en cada truco. Disponibles en varias medidas y colores, nuestros ejes de precisi\u00f3n se adaptan a todos los niveles: desde principiantes hasta fingerboarders profesionales.<br data-start=\"630\" data-end=\"633\" \/>Fabricados con materiales duraderos y acabados detallados, son la base perfecta para montar un setup de alto rendimiento.<br data-start=\"754\" data-end=\"757\" \/>\ud83d\udd29 \u00a1Equipa tu fingerboard con trucks que marcan la diferencia!<\/p>\n<p>[\/et_pb_text][\/et_pb_column][\/et_pb_row][et_pb_row _builder_version=\u00bb4.23.1&#8243; _module_preset=\u00bbdefault\u00bb global_colors_info=\u00bb{}\u00bb][et_pb_column type=\u00bb4_4&#8243; _builder_version=\u00bb4.23.1&#8243; _module_preset=\u00bbdefault\u00bb global_colors_info=\u00bb{}\u00bb][et_pb_shop type=\u00bbproduct_category\u00bb include_categories=\u00bb54&#8243; columns_number=\u00bb3&#8243; _builder_version=\u00bb4.23.1&#8243; _module_preset=\u00bbdefault\u00bb global_colors_info=\u00bb{}\u00bb][\/et_pb_shop][et_pb_text _builder_version=\u00bb4.23.1&#8243; text_font=\u00bbKodchasan|600|||||||\u00bb text_font_size=\u00bb16px\u00bb text_line_height=\u00bb1.8em\u00bb header_font=\u00bb||||||||\u00bb header_font_size=\u00bb44px\u00bb header_2_font=\u00bbhansonboldi|||on|||||\u00bb header_2_font_size=\u00bb44px\u00bb header_2_letter_spacing=\u00bb3px\u00bb header_2_line_height=\u00bb1.4em\u00bb text_orientation=\u00bbcenter\u00bb max_width=\u00bb813px\u00bb module_alignment=\u00bbcenter\u00bb custom_margin=\u00bb40px|||207px||\u00bb custom_margin_tablet=\u00bb0px|||\u00bb custom_margin_phone=\u00bb|||\u00bb custom_margin_last_edited=\u00bbon|phone\u00bb header_2_font_size_tablet=\u00bb36px\u00bb header_2_font_size_phone=\u00bb29px\u00bb header_2_font_size_last_edited=\u00bbon|phone\u00bb locked=\u00bboff\u00bb global_colors_info=\u00bb{}\u00bb]<\/p>\n<h2>Ruedas Fingerboard Profesionales \u2013 Grip, Estilo y Precisi\u00f3n<\/h2>\n<p>Descubre nuestra colecci\u00f3n de <strong data-start=\"350\" data-end=\"377\">ruedas para fingerboard<\/strong> dise\u00f1adas para un deslizamiento suave, agarre perfecto y m\u00e1ximo rendimiento. Fabricadas con materiales premium y disponibles en varios tama\u00f1os y colores, nuestras ruedas se adaptan a cualquier tipo de superficie y estilo de riding.<br data-start=\"609\" data-end=\"612\" \/>\ud83c\udfaf Ya seas principiante o experto, mejora tus trucos y siente la diferencia en cada movimiento. \u00a1Personaliza tu fingerboard con ruedas de alta calidad que combinan t\u00e9cnica y est\u00e9tica!<\/p>\n<p>[\/et_pb_text][et_pb_shop type=\u00bbproduct_category\u00bb include_categories=\u00bb53&#8243; columns_number=\u00bb3&#8243; _builder_version=\u00bb4.23.1&#8243; _module_preset=\u00bbdefault\u00bb global_colors_info=\u00bb{}\u00bb][\/et_pb_shop][et_pb_text _builder_version=\u00bb4.23.1&#8243; text_font=\u00bbKodchasan|600|||||||\u00bb text_font_size=\u00bb16px\u00bb text_line_height=\u00bb1.8em\u00bb header_font=\u00bb||||||||\u00bb header_font_size=\u00bb44px\u00bb header_2_font=\u00bbhansonboldi|||on|||||\u00bb header_2_font_size=\u00bb44px\u00bb header_2_letter_spacing=\u00bb3px\u00bb header_2_line_height=\u00bb1.4em\u00bb text_orientation=\u00bbcenter\u00bb max_width=\u00bb813px\u00bb module_alignment=\u00bbcenter\u00bb custom_margin=\u00bb40px|||207px||\u00bb custom_margin_tablet=\u00bb0px|||\u00bb custom_margin_phone=\u00bb|||\u00bb custom_margin_last_edited=\u00bbon|phone\u00bb header_2_font_size_tablet=\u00bb36px\u00bb header_2_font_size_phone=\u00bb29px\u00bb header_2_font_size_last_edited=\u00bbon|phone\u00bb locked=\u00bboff\u00bb global_colors_info=\u00bb{}\u00bb]<\/p>\n<h2>\u00a0Accesorios para tu Fingerboard | Mejora y Personaliza tu Setup<\/h2>\n<p>Explora nuestra selecci\u00f3n de <strong data-start=\"349\" data-end=\"380\">accesorios para fingerboard<\/strong> dise\u00f1ados para llevar tu experiencia al siguiente nivel. Desde herramientas, tornillos y tuercas hasta cinta de lija, pads o elementos de customizaci\u00f3n, aqu\u00ed encontrar\u00e1s todo lo necesario para ajustar, reparar y personalizar tu tabla como un verdadero pro.<br data-start=\"637\" data-end=\"640\" \/>\ud83d\udd27 Calidad, estilo y funcionalidad reunidos en una sola categor\u00eda. \u00a1Haz que tu fingerboard sea \u00fanico con los mejores accesorios del mercado!<\/p>\n<p>[\/et_pb_text][et_pb_shop type=\u00bbproduct_category\u00bb include_categories=\u00bb19&#8243; columns_number=\u00bb3&#8243; _builder_version=\u00bb4.23.1&#8243; _module_preset=\u00bbdefault\u00bb global_colors_info=\u00bb{}\u00bb][\/et_pb_shop][\/et_pb_column][\/et_pb_row][\/et_pb_section]<\/p>","protected":false},"excerpt":{"rendered":"<p>tienda FINGER SKATE Tu destino fingerboarding definitivo: Rampas repuestos precisos, fingerboards \u00fanicos y m\u00f3dulos desafiantes. Encuentra aqu\u00ed todo para elevar tu juego al m\u00e1ximo nivelfingerboard concavidad baja Los fingerboards de concavidad baja tienen una forma ligeramente curva en los extremos de la tabla (nose y tail). Son geniales para principiantes y riders t\u00e9cnicos,\u00a0 proporcionan un [&hellip;]<\/p>","protected":false},"author":1,"featured_media":0,"parent":0,"menu_order":0,"comment_status":"closed","ping_status":"closed","template":"","meta":{"_et_pb_use_builder":"on","_et_pb_old_content":"<!-- wp:divi\/placeholder \/-->","_et_gb_content_width":"","_glsr_average":0,"_glsr_ranking":0,"_glsr_reviews":0,"footnotes":""},"class_list":["post-250","page","type-page","status-publish","hentry"],"aioseo_notices":[],"jetpack_sharing_enabled":true,"_links":{"self":[{"href":"https:\/\/berlionfingerboard.com\/en\/wp-json\/wp\/v2\/pages\/250","targetHints":{"allow":["GET"]}}],"collection":[{"href":"https:\/\/berlionfingerboard.com\/en\/wp-json\/wp\/v2\/pages"}],"about":[{"href":"https:\/\/berlionfingerboard.com\/en\/wp-json\/wp\/v2\/types\/page"}],"author":[{"embeddable":true,"href":"https:\/\/berlionfingerboard.com\/en\/wp-json\/wp\/v2\/users\/1"}],"replies":[{"embeddable":true,"href":"https:\/\/berlionfingerboard.com\/en\/wp-json\/wp\/v2\/comments?post=250"}],"version-history":[{"count":30,"href":"https:\/\/berlionfingerboard.com\/en\/wp-json\/wp\/v2\/pages\/250\/revisions"}],"predecessor-version":[{"id":1402,"href":"https:\/\/berlionfingerboard.com\/en\/wp-json\/wp\/v2\/pages\/250\/revisions\/1402"}],"wp:attachment":[{"href":"https:\/\/berlionfingerboard.com\/en\/wp-json\/wp\/v2\/media?parent=250"}],"curies":[{"name":"wp","href":"https:\/\/api.w.org\/{rel}","templated":true}]}}