{"id":1205,"date":"2025-06-15T22:46:46","date_gmt":"2025-06-15T20:46:46","guid":{"rendered":"https:\/\/berlionfingerboard.com\/?page_id=1205"},"modified":"2025-06-17T23:46:34","modified_gmt":"2025-06-17T21:46:34","slug":"blog-fingerboard","status":"publish","type":"page","link":"https:\/\/berlionfingerboard.com\/en\/blog-fingerboard","title":{"rendered":"Blog"},"content":{"rendered":"[et_pb_section fb_built=\u00bb1&#8243; admin_label=\u00bbHeader\u00bb _builder_version=\u00bb4.22.0&#8243; _module_preset=\u00bbdefault\u00bb collapsed=\u00bbon\u00bb global_colors_info=\u00bb{}\u00bb][et_pb_row _builder_version=\u00bb4.24.0&#8243; _module_preset=\u00bbdefault\u00bb max_width=\u00bb1800px\u00bb global_colors_info=\u00bb{}\u00bb][et_pb_column type=\u00bb4_4&#8243; _builder_version=\u00bb4.22.0&#8243; _module_preset=\u00bbdefault\u00bb global_colors_info=\u00bb{}\u00bb][et_pb_text _builder_version=\u00bb4.23.1&#8243; _module_preset=\u00bb9e936aaf-74e8-458a-b071-75bd00fd3bc7&#8243; header_font=\u00bbhanson bold|700|||||||\u00bb background_image=\u00bbhttps:\/\/berlionfingerboard.com\/wp-content\/uploads\/2025\/06\/tu-icono.png\u00bb background_size=\u00bbcontain\u00bb background_position=\u00bbtop_left\u00bb text_orientation=\u00bbcenter\u00bb global_colors_info=\u00bb{}\u00bb]<h1>PROFESSIONAL FINGERBOARD BLOG<\/h1>[\/et_pb_text][et_pb_post_slider posts_number=\u00bb3&#8243; _builder_version=\u00bb4.23.1&#8243; _module_preset=\u00bb75945eb8-6864-41e7-8911-dd6c15793bd6&#8243; custom_margin=\u00bb||5%||false|false\u00bb custom_padding=\u00bb31px||0px|||\u00bb hover_enabled=\u00bb0&#8243; locked=\u00bboff\u00bb global_colors_info=\u00bb{%22gcid-484db635-f953-40b6-926a-828c5cb79840%22:%91%22button_bg_color%22%93,%22gcid-2490e176-5733-4f77-b033-d0b72133e372%22:%91%22border_color_all%22,%22border_color_all_fields%22,%22meta_text_color%22%93}\u00bb header_font=\u00bbhanson bold|700|||||||\u00bb body_font=\u00bbKodchasan||||||||\u00bb sticky_enabled=\u00bb0&#8243;][\/et_pb_post_slider][et_pb_blog posts_number=\u00bb6&#8243; include_categories=\u00bb22&#8243; _builder_version=\u00bb4.23.1&#8243; _module_preset=\u00bb45be79e0-b1db-4fde-a2fd-c4f7a4d2dfef\u00bb hover_enabled=\u00bb0&#8243; locked=\u00bboff\u00bb global_colors_info=\u00bb{%22gcid-484db635-f953-40b6-926a-828c5cb79840%22:%91%22meta_text_color%22,%22read_more_text_color%22%93}\u00bb header_font=\u00bbhanson bold|700|||||||\u00bb body_font=\u00bbKodchasan|500|||||||\u00bb sticky_enabled=\u00bb0&#8243;][\/et_pb_blog][\/et_pb_column][\/et_pb_row][\/et_pb_section][et_pb_section fb_built=\u00bb1&#8243; admin_label=\u00bbSubscribe\u00bb _builder_version=\u00bb4.23.1&#8243; _module_preset=\u00bbdefault\u00bb background_color=\u00bbgcid-a93f2103-1d8b-43bb-b21d-81d84bba8b15&#8243; collapsed=\u00bbon\u00bb global_colors_info=\u00bb{%22gcid-a93f2103-1d8b-43bb-b21d-81d84bba8b15%22:%91%22background_color%22%93}\u00bb][et_pb_row _builder_version=\u00bb4.22.0&#8243; _module_preset=\u00bbdefault\u00bb max_width=\u00bb700px\u00bb custom_padding=\u00bb|0px||||\u00bb global_colors_info=\u00bb{}\u00bb][et_pb_column type=\u00bb4_4&#8243; _builder_version=\u00bb4.22.0&#8243; _module_preset=\u00bbdefault\u00bb global_colors_info=\u00bb{}\u00bb][et_pb_text _builder_version=\u00bb4.23.1&#8243; _module_preset=\u00bbae7eba8f-d0c3-4bce-a650-97cae811b281&#8243; header_font=\u00bbhanson bold||||||||\u00bb header_2_font=\u00bbhanson bold|700|||||||\u00bb background_color=\u00bb#faff00&#8243; text_orientation=\u00bbcenter\u00bb global_colors_info=\u00bb{}\u00bb]<h2>SUSCR\u00cdBETE<\/h2>[\/et_pb_text][\/et_pb_column][\/et_pb_row][et_pb_row _builder_version=\u00bb4.23.1&#8243; _module_preset=\u00bbdefault\u00bb global_colors_info=\u00bb{}\u00bb][et_pb_column type=\u00bb4_4&#8243; _builder_version=\u00bb4.23.1&#8243; _module_preset=\u00bbdefault\u00bb global_colors_info=\u00bb{}\u00bb][et_pb_text _builder_version=\u00bb4.23.1&#8243; _module_preset=\u00bbdefault\u00bb text_font_size=\u00bb19px\u00bb header_3_font=\u00bbhansonboldi||||||||\u00bb header_3_font_size=\u00bb29px\u00bb header_5_text_color=\u00bb#000000&#8243; header_5_font_size=\u00bb27px\u00bb custom_padding=\u00bb|0px||1px||\u00bb global_colors_info=\u00bb{}\u00bb]<div class=\"et-fb-quick-access-item-overlay\" data-quickaccess-id=\"toggle_layout\" data-quickaccess-order=\"0\" data-address=\"1.1.0.0.0\"><\/div>\n<h5 class=\"et_pb_toggle_title et-fb-editable-element\" data-shortcode-id=\"1.1.0.0.0-1750023904379\" data-quickaccess-id=\"toggle\" data-quickaccess-order=\"1\" contenteditable=\"false\">\u00danete a la comunidad Berlion<\/h5>\n<div class=\"et_pb_toggle_content clearfix\" style=\"display: block;\">\n<div data-shortcode-id=\"1.1.0.0.0-1750023964397\" data-quickaccess-id=\"body\" data-quickaccess-order=\"2\" data-quickaccess-editable=\"yes\" class=\"et-fb-popover-tinymce\">\n<div class=\"mce-content-body\" contenteditable=\"true\" style=\"position: relative;\">\n<p>Descubre el apasionante mundo del fingerboard y mantente al d\u00eda con nuestras \u00faltimas novedades, consejos y ofertas exclusivas. No te pierdas la oportunidad de mejorar tus habilidades y conectar con otros entusiastas del fingerskate..<\/p>\n<\/div>\n<\/div>\n<\/div>[\/et_pb_text][\/et_pb_column][\/et_pb_row][et_pb_row _builder_version=\u00bb4.23.1&#8243; _module_preset=\u00bbdefault\u00bb global_colors_info=\u00bb{}\u00bb][et_pb_column type=\u00bb4_4&#8243; _builder_version=\u00bb4.23.1&#8243; _module_preset=\u00bbdefault\u00bb global_colors_info=\u00bb{}\u00bb][et_pb_contact_form submit_button_text=\u00bbSuscr\u00edbete ahora\u00bb _builder_version=\u00bb4.23.1&#8243; _module_preset=\u00bbdefault\u00bb _unique_id=\u00bb80d77876-2316-4c43-8d13-3f7e6d6c6f06&#8243; captcha_font_size=\u00bb19px\u00bb form_field_font_size=\u00bb16px\u00bb custom_button=\u00bbon\u00bb button_text_size=\u00bb18px\u00bb button_text_color=\u00bb#fcfcfc\u00bb button_bg_color=\u00bb#110101&#8243; button_border_color=\u00bbRGBA(255,255,255,0)\u00bb button_border_radius=\u00bb48px\u00bb min_height=\u00bb20.5px\u00bb custom_margin=\u00bb|-37px|10px|-19px||\u00bb custom_padding=\u00bb|34px||0px||\u00bb global_colors_info=\u00bb{}\u00bb][et_pb_contact_field field_id=\u00bbEmail\u00bb field_title=\u00bbDirecci\u00f3n de correo electr\u00f3nico\u00bb field_type=\u00bbemail\u00bb _builder_version=\u00bb4.16&#8243; global_colors_info=\u00bb{}\u00bb button_text_size__hover_enabled=\u00bboff\u00bb button_one_text_size__hover_enabled=\u00bboff\u00bb button_two_text_size__hover_enabled=\u00bboff\u00bb button_text_color__hover_enabled=\u00bboff\u00bb button_one_text_color__hover_enabled=\u00bboff\u00bb button_two_text_color__hover_enabled=\u00bboff\u00bb button_border_width__hover_enabled=\u00bboff\u00bb button_one_border_width__hover_enabled=\u00bboff\u00bb button_two_border_width__hover_enabled=\u00bboff\u00bb button_border_color__hover_enabled=\u00bboff\u00bb button_one_border_color__hover_enabled=\u00bboff\u00bb button_two_border_color__hover_enabled=\u00bboff\u00bb button_border_radius__hover_enabled=\u00bboff\u00bb button_one_border_radius__hover_enabled=\u00bboff\u00bb button_two_border_radius__hover_enabled=\u00bboff\u00bb button_letter_spacing__hover_enabled=\u00bboff\u00bb button_one_letter_spacing__hover_enabled=\u00bboff\u00bb button_two_letter_spacing__hover_enabled=\u00bboff\u00bb button_bg_color__hover_enabled=\u00bboff\u00bb button_one_bg_color__hover_enabled=\u00bboff\u00bb button_two_bg_color__hover_enabled=\u00bboff\u00bb][\/et_pb_contact_field][\/et_pb_contact_form][\/et_pb_column][\/et_pb_row][et_pb_row _builder_version=\u00bb4.23.1&#8243; _module_preset=\u00bbdefault\u00bb global_colors_info=\u00bb{}\u00bb][et_pb_column type=\u00bb4_4&#8243; _builder_version=\u00bb4.23.1&#8243; _module_preset=\u00bbdefault\u00bb global_colors_info=\u00bb{}\u00bb][et_pb_text _builder_version=\u00bb4.23.1&#8243; _module_preset=\u00bbdefault\u00bb text_font_size=\u00bb19px\u00bb header_font_size=\u00bb47px\u00bb global_colors_info=\u00bb{}\u00bb]<p>Forma parte de nuestra familia Berlion y lleva tu pasi\u00f3n al siguiente nivel. \u00a1Te esperamos!<\/p>[\/et_pb_text][\/et_pb_column][\/et_pb_row][\/et_pb_section]","protected":false},"excerpt":{"rendered":"<p>BLOG FINGERBOARD PROFESIONALSUSCR\u00cdBETE \u00danete a la comunidad Berlion Descubre el apasionante mundo del fingerboard y mantente al d\u00eda con nuestras \u00faltimas novedades, consejos y ofertas exclusivas. No te pierdas la oportunidad de mejorar tus habilidades y conectar con otros entusiastas del fingerskate.. Forma parte de nuestra familia Berlion y lleva tu pasi\u00f3n al siguiente nivel. [&hellip;]<\/p>","protected":false},"author":1,"featured_media":1206,"parent":0,"menu_order":0,"comment_status":"closed","ping_status":"closed","template":"","meta":{"_et_pb_use_builder":"on","_et_pb_old_content":"","_et_gb_content_width":"","_glsr_average":0,"_glsr_ranking":0,"_glsr_reviews":0,"footnotes":""},"class_list":["post-1205","page","type-page","status-publish","has-post-thumbnail","hentry"],"aioseo_notices":[],"jetpack_sharing_enabled":true,"_links":{"self":[{"href":"https:\/\/berlionfingerboard.com\/en\/wp-json\/wp\/v2\/pages\/1205","targetHints":{"allow":["GET"]}}],"collection":[{"href":"https:\/\/berlionfingerboard.com\/en\/wp-json\/wp\/v2\/pages"}],"about":[{"href":"https:\/\/berlionfingerboard.com\/en\/wp-json\/wp\/v2\/types\/page"}],"author":[{"embeddable":true,"href":"https:\/\/berlionfingerboard.com\/en\/wp-json\/wp\/v2\/users\/1"}],"replies":[{"embeddable":true,"href":"https:\/\/berlionfingerboard.com\/en\/wp-json\/wp\/v2\/comments?post=1205"}],"version-history":[{"count":7,"href":"https:\/\/berlionfingerboard.com\/en\/wp-json\/wp\/v2\/pages\/1205\/revisions"}],"predecessor-version":[{"id":1333,"href":"https:\/\/berlionfingerboard.com\/en\/wp-json\/wp\/v2\/pages\/1205\/revisions\/1333"}],"wp:featuredmedia":[{"embeddable":true,"href":"https:\/\/berlionfingerboard.com\/en\/wp-json\/wp\/v2\/media\/1206"}],"wp:attachment":[{"href":"https:\/\/berlionfingerboard.com\/en\/wp-json\/wp\/v2\/media?parent=1205"}],"curies":[{"name":"wp","href":"https:\/\/api.w.org\/{rel}","templated":true}]}}